{"id":9,"date":"2016-02-16T11:42:17","date_gmt":"2016-02-16T11:42:17","guid":{"rendered":"http:\/\/tagvilagkft.hu\/?page_id=9"},"modified":"2021-04-15T14:03:26","modified_gmt":"2021-04-15T14:03:26","slug":"rolunk","status":"publish","type":"page","link":"https:\/\/tagvilagkft.hu\/","title":{"rendered":"Kezd\u0151oldal"},"content":{"rendered":"<p style=\"text-align: center; font-size: 20px;\"><strong>K\u00f6sz\u00f6ntj\u00fck oldalunkon!<\/strong><\/p>\n<p style=\"text-align: center;\">A T\u00e1g Vil\u00e1g Oktat\u00e1si Nonprofit Kft. a T\u00e1g Vil\u00e1g Iskola fenntart\u00e1s\u00e1ra j\u00f6tt l\u00e9tre. A T\u00e1g Vil\u00e1g Iskola sz\u00fcl\u0151i \u00e9s pedag\u00f3gusi kezdem\u00e9nyez\u00e9sre indul\u00f3 mag\u00e1niskola lesz&nbsp; Budapest III. ker\u00fclet\u00e9ben, B\u00e9k\u00e1smegyeren.<br \/>\nT\u00f6bb \u00e9vi keres\u00e9s ut\u00e1n siker\u00fclt egy olyan \u00e9p\u00fcletet tal\u00e1ni, melyben otthonra lelhet ez a modern \u00e9s innovat\u00edv program, melyben a gyerekek \u00e9lm\u00e9nyeken kereszt\u00fcl saj\u00e1t\u00edtj\u00e1k el az ismereteket.<br \/>\nC\u00e9lunk, hogy sz\u00ednvonalas, hossz\u00fat\u00e1von m\u0171k\u00f6d\u0151k\u00e9pes \u00e1ltal\u00e1nos iskol\u00e1t hozzunk l\u00e9tre \u00e9s m\u0171k\u00f6dtess\u00fcnk a gyerekek \u00e9s sz\u00fcleik \u00f6r\u00f6m\u00e9re.<\/p>\n<p style=\"text-align: center;\">Ha szeretne r\u00e9szleteket megtudni, l\u00e1togasson el a <a href=\"https:\/\/tagvilagiskola.hu\/\" target=\"_blank\" rel=\"noopener\">tagvilagiskola.hu<\/a> oldalra illetve <a href=\"https:\/\/www.facebook.com\/tagvilagiskola\" target=\"_blank\" rel=\"noopener\">Facebook oldalunkra<\/a>!<\/p>\n<p style=\"text-align: center;\">Amennyiben k\u00e9rd\u00e9se van, \u00edrjon nek\u00fcnk az <strong>iroda@tagvilagkft.hu<\/strong> c\u00edmre!<\/p>\n","protected":false},"excerpt":{"rendered":"<p>K\u00f6sz\u00f6ntj\u00fck oldalunkon! A T\u00e1g Vil\u00e1g Oktat\u00e1si Nonprofit Kft. a T\u00e1g Vil\u00e1g Iskola fenntart\u00e1s\u00e1ra j\u00f6tt l\u00e9tre. A T\u00e1g Vil\u00e1g Iskola sz\u00fcl\u0151i \u00e9s pedag\u00f3gusi kezdem\u00e9nyez\u00e9sre indul\u00f3 mag\u00e1niskola lesz&nbsp; Budapest III. ker\u00fclet\u00e9ben, B\u00e9k\u00e1smegyeren. T\u00f6bb \u00e9vi keres\u00e9s ut\u00e1n siker\u00fclt egy olyan \u00e9p\u00fcletet tal\u00e1ni, melyben&hellip; <\/p>\n","protected":false},"author":1,"featured_media":40,"parent":0,"menu_order":0,"comment_status":"closed","ping_status":"closed","template":"","meta":[],"_links":{"self":[{"href":"https:\/\/tagvilagkft.hu\/index.php\/wp-json\/wp\/v2\/pages\/9"}],"collection":[{"href":"https:\/\/tagvilagkft.hu\/index.php\/wp-json\/wp\/v2\/pages"}],"about":[{"href":"https:\/\/tagvilagkft.hu\/index.php\/wp-json\/wp\/v2\/types\/page"}],"author":[{"embeddable":true,"href":"https:\/\/tagvilagkft.hu\/index.php\/wp-json\/wp\/v2\/users\/1"}],"replies":[{"embeddable":true,"href":"https:\/\/tagvilagkft.hu\/index.php\/wp-json\/wp\/v2\/comments?post=9"}],"version-history":[{"count":11,"href":"https:\/\/tagvilagkft.hu\/index.php\/wp-json\/wp\/v2\/pages\/9\/revisions"}],"predecessor-version":[{"id":50,"href":"https:\/\/tagvilagkft.hu\/index.php\/wp-json\/wp\/v2\/pages\/9\/revisions\/50"}],"wp:featuredmedia":[{"embeddable":true,"href":"https:\/\/tagvilagkft.hu\/index.php\/wp-json\/wp\/v2\/media\/40"}],"wp:attachment":[{"href":"https:\/\/tagvilagkft.hu\/index.php\/wp-json\/wp\/v2\/media?parent=9"}],"curies":[{"name":"wp","href":"https:\/\/api.w.org\/{rel}","templated":true}]}}